{"id":378,"date":"2025-02-11T15:18:27","date_gmt":"2025-02-11T15:18:27","guid":{"rendered":"http:\/\/localhost:8080\/page-daccueil\/"},"modified":"2025-06-27T08:33:46","modified_gmt":"2025-06-27T08:33:46","slug":"page-daccueil","status":"publish","type":"page","link":"https:\/\/www.reno-summit.be\/fr\/","title":{"rendered":"Page d&rsquo;accueil"},"content":{"rendered":"","protected":false},"excerpt":{"rendered":"","protected":false},"author":1,"featured_media":0,"parent":0,"menu_order":0,"comment_status":"closed","ping_status":"closed","template":"","meta":{"footnotes":""},"class_list":["post-378","page","type-page","status-publish","hentry"],"yoast_head":"<!-- This site is optimized with the Yoast SEO plugin v26.9 - https:\/\/yoast.com\/product\/yoast-seo-wordpress\/ -->\n<title>Reno Summit est l&#039;\u00e9v\u00e9nement B2B pour le secteur de la r\u00e9novation, de la restauration et de la reconversion.<\/title>\n<meta name=\"description\" content=\"Reno Summit est l&#039;\u00e9v\u00e9nement B2B o\u00f9 les professionnels du secteur de la r\u00e9novation, de la restauration et de la reconversion se r\u00e9unissent pour \u00e9changer des connaissances et de l&#039;inspiration.\" \/>\n<meta name=\"robots\" content=\"index, follow, max-snippet:-1, max-image-preview:large, max-video-preview:-1\" \/>\n<link rel=\"canonical\" href=\"https:\/\/www.reno-summit.be\/fr\/\" \/>\n<meta property=\"og:locale\" content=\"fr_FR\" \/>\n<meta property=\"og:type\" content=\"article\" \/>\n<meta property=\"og:title\" content=\"Reno Summit est l&#039;\u00e9v\u00e9nement B2B pour le secteur de la r\u00e9novation, de la restauration et de la reconversion.\" \/>\n<meta property=\"og:description\" content=\"Reno Summit est l&#039;\u00e9v\u00e9nement B2B o\u00f9 les professionnels du secteur de la r\u00e9novation, de la restauration et de la reconversion se r\u00e9unissent pour \u00e9changer des connaissances et de l&#039;inspiration.\" \/>\n<meta property=\"og:url\" content=\"https:\/\/www.reno-summit.be\/fr\/\" \/>\n<meta property=\"og:site_name\" content=\"Reno Summit\" \/>\n<meta property=\"article:modified_time\" content=\"2025-06-27T08:33:46+00:00\" \/>\n<meta name=\"twitter:card\" content=\"summary_large_image\" \/>\n<script type=\"application\/ld+json\" class=\"yoast-schema-graph\">{\"@context\":\"https:\/\/schema.org\",\"@graph\":[{\"@type\":\"WebPage\",\"@id\":\"https:\/\/www.reno-summit.be\/fr\/\",\"url\":\"https:\/\/www.reno-summit.be\/fr\/\",\"name\":\"Reno Summit est l'\u00e9v\u00e9nement B2B pour le secteur de la r\u00e9novation, de la restauration et de la reconversion.\",\"isPartOf\":{\"@id\":\"https:\/\/www.reno-summit.be\/fr\/#website\"},\"datePublished\":\"2025-02-11T15:18:27+00:00\",\"dateModified\":\"2025-06-27T08:33:46+00:00\",\"description\":\"Reno Summit est l'\u00e9v\u00e9nement B2B o\u00f9 les professionnels du secteur de la r\u00e9novation, de la restauration et de la reconversion se r\u00e9unissent pour \u00e9changer des connaissances et de l'inspiration.\",\"breadcrumb\":{\"@id\":\"https:\/\/www.reno-summit.be\/fr\/#breadcrumb\"},\"inLanguage\":\"fr-FR\",\"potentialAction\":[{\"@type\":\"ReadAction\",\"target\":[\"https:\/\/www.reno-summit.be\/fr\/\"]}]},{\"@type\":\"BreadcrumbList\",\"@id\":\"https:\/\/www.reno-summit.be\/fr\/#breadcrumb\",\"itemListElement\":[{\"@type\":\"ListItem\",\"position\":1,\"name\":\"Home\",\"item\":\"https:\/\/www.reno-summit.be\/fr\/\"},{\"@type\":\"ListItem\",\"position\":2,\"name\":\"Page d&rsquo;accueil\"}]},{\"@type\":\"WebSite\",\"@id\":\"https:\/\/www.reno-summit.be\/fr\/#website\",\"url\":\"https:\/\/www.reno-summit.be\/fr\/\",\"name\":\"Reno Summit\",\"description\":\"H\u00e9t netwerkevent voor de sector van renovatie, restauratie en herbestemming\",\"publisher\":{\"@id\":\"https:\/\/www.reno-summit.be\/fr\/#organization\"},\"potentialAction\":[{\"@type\":\"SearchAction\",\"target\":{\"@type\":\"EntryPoint\",\"urlTemplate\":\"https:\/\/www.reno-summit.be\/fr\/?s={search_term_string}\"},\"query-input\":{\"@type\":\"PropertyValueSpecification\",\"valueRequired\":true,\"valueName\":\"search_term_string\"}}],\"inLanguage\":\"fr-FR\"},{\"@type\":\"Organization\",\"@id\":\"https:\/\/www.reno-summit.be\/fr\/#organization\",\"name\":\"Reno Summit\",\"url\":\"https:\/\/www.reno-summit.be\/fr\/\",\"logo\":{\"@type\":\"ImageObject\",\"inLanguage\":\"fr-FR\",\"@id\":\"https:\/\/www.reno-summit.be\/fr\/#\/schema\/logo\/image\/\",\"url\":\"https:\/\/www.reno-summit.be\/wp-content\/uploads\/2025\/04\/logo-reno-v3-dark.svg\",\"contentUrl\":\"https:\/\/www.reno-summit.be\/wp-content\/uploads\/2025\/04\/logo-reno-v3-dark.svg\",\"caption\":\"Reno Summit\"},\"image\":{\"@id\":\"https:\/\/www.reno-summit.be\/fr\/#\/schema\/logo\/image\/\"},\"sameAs\":[\"https:\/\/www.linkedin.com\/showcase\/reno-summit\"]}]}<\/script>\n<!-- \/ Yoast SEO plugin. -->","yoast_head_json":{"title":"Reno Summit est l'\u00e9v\u00e9nement B2B pour le secteur de la r\u00e9novation, de la restauration et de la reconversion.","description":"Reno Summit est l'\u00e9v\u00e9nement B2B o\u00f9 les professionnels du secteur de la r\u00e9novation, de la restauration et de la reconversion se r\u00e9unissent pour \u00e9changer des connaissances et de l'inspiration.","robots":{"index":"index","follow":"follow","max-snippet":"max-snippet:-1","max-image-preview":"max-image-preview:large","max-video-preview":"max-video-preview:-1"},"canonical":"https:\/\/www.reno-summit.be\/fr\/","og_locale":"fr_FR","og_type":"article","og_title":"Reno Summit est l'\u00e9v\u00e9nement B2B pour le secteur de la r\u00e9novation, de la restauration et de la reconversion.","og_description":"Reno Summit est l'\u00e9v\u00e9nement B2B o\u00f9 les professionnels du secteur de la r\u00e9novation, de la restauration et de la reconversion se r\u00e9unissent pour \u00e9changer des connaissances et de l'inspiration.","og_url":"https:\/\/www.reno-summit.be\/fr\/","og_site_name":"Reno Summit","article_modified_time":"2025-06-27T08:33:46+00:00","twitter_card":"summary_large_image","schema":{"@context":"https:\/\/schema.org","@graph":[{"@type":"WebPage","@id":"https:\/\/www.reno-summit.be\/fr\/","url":"https:\/\/www.reno-summit.be\/fr\/","name":"Reno Summit est l'\u00e9v\u00e9nement B2B pour le secteur de la r\u00e9novation, de la restauration et de la reconversion.","isPartOf":{"@id":"https:\/\/www.reno-summit.be\/fr\/#website"},"datePublished":"2025-02-11T15:18:27+00:00","dateModified":"2025-06-27T08:33:46+00:00","description":"Reno Summit est l'\u00e9v\u00e9nement B2B o\u00f9 les professionnels du secteur de la r\u00e9novation, de la restauration et de la reconversion se r\u00e9unissent pour \u00e9changer des connaissances et de l'inspiration.","breadcrumb":{"@id":"https:\/\/www.reno-summit.be\/fr\/#breadcrumb"},"inLanguage":"fr-FR","potentialAction":[{"@type":"ReadAction","target":["https:\/\/www.reno-summit.be\/fr\/"]}]},{"@type":"BreadcrumbList","@id":"https:\/\/www.reno-summit.be\/fr\/#breadcrumb","itemListElement":[{"@type":"ListItem","position":1,"name":"Home","item":"https:\/\/www.reno-summit.be\/fr\/"},{"@type":"ListItem","position":2,"name":"Page d&rsquo;accueil"}]},{"@type":"WebSite","@id":"https:\/\/www.reno-summit.be\/fr\/#website","url":"https:\/\/www.reno-summit.be\/fr\/","name":"Reno Summit","description":"H\u00e9t netwerkevent voor de sector van renovatie, restauratie en herbestemming","publisher":{"@id":"https:\/\/www.reno-summit.be\/fr\/#organization"},"potentialAction":[{"@type":"SearchAction","target":{"@type":"EntryPoint","urlTemplate":"https:\/\/www.reno-summit.be\/fr\/?s={search_term_string}"},"query-input":{"@type":"PropertyValueSpecification","valueRequired":true,"valueName":"search_term_string"}}],"inLanguage":"fr-FR"},{"@type":"Organization","@id":"https:\/\/www.reno-summit.be\/fr\/#organization","name":"Reno Summit","url":"https:\/\/www.reno-summit.be\/fr\/","logo":{"@type":"ImageObject","inLanguage":"fr-FR","@id":"https:\/\/www.reno-summit.be\/fr\/#\/schema\/logo\/image\/","url":"https:\/\/www.reno-summit.be\/wp-content\/uploads\/2025\/04\/logo-reno-v3-dark.svg","contentUrl":"https:\/\/www.reno-summit.be\/wp-content\/uploads\/2025\/04\/logo-reno-v3-dark.svg","caption":"Reno Summit"},"image":{"@id":"https:\/\/www.reno-summit.be\/fr\/#\/schema\/logo\/image\/"},"sameAs":["https:\/\/www.linkedin.com\/showcase\/reno-summit"]}]}},"meta_box":[],"_links":{"self":[{"href":"https:\/\/www.reno-summit.be\/fr\/wp-json\/wp\/v2\/pages\/378","targetHints":{"allow":["GET"]}}],"collection":[{"href":"https:\/\/www.reno-summit.be\/fr\/wp-json\/wp\/v2\/pages"}],"about":[{"href":"https:\/\/www.reno-summit.be\/fr\/wp-json\/wp\/v2\/types\/page"}],"author":[{"embeddable":true,"href":"https:\/\/www.reno-summit.be\/fr\/wp-json\/wp\/v2\/users\/1"}],"replies":[{"embeddable":true,"href":"https:\/\/www.reno-summit.be\/fr\/wp-json\/wp\/v2\/comments?post=378"}],"version-history":[{"count":2,"href":"https:\/\/www.reno-summit.be\/fr\/wp-json\/wp\/v2\/pages\/378\/revisions"}],"predecessor-version":[{"id":1826,"href":"https:\/\/www.reno-summit.be\/fr\/wp-json\/wp\/v2\/pages\/378\/revisions\/1826"}],"wp:attachment":[{"href":"https:\/\/www.reno-summit.be\/fr\/wp-json\/wp\/v2\/media?parent=378"}],"curies":[{"name":"wp","href":"https:\/\/api.w.org\/{rel}","templated":true}]}}